{"id":81,"date":"2025-12-26T07:52:11","date_gmt":"2025-12-26T06:52:11","guid":{"rendered":"https:\/\/www.amis-du-parc.org\/?page_id=81"},"modified":"2025-12-26T07:54:19","modified_gmt":"2025-12-26T06:54:19","slug":"liste-des-oiseaux-du-parc","status":"publish","type":"page","link":"https:\/\/www.amis-du-parc.org\/index.php\/oiseaux-du-parc\/liste-des-oiseaux-du-parc\/","title":{"rendered":"Liste des Oiseaux"},"content":{"rendered":"\n<p>Voici la liste des oiseaux vus dans le parc.<\/p>\n\n\n\n<figure class=\"wp-block-table alignwide is-style-stripes\"><table class=\"has-fixed-layout\"><tbody><tr><td><strong>Nom commun<\/strong><\/td><td><strong>Nom scientifique<\/strong><\/td><td class=\"has-text-align-center\" data-align=\"center\"><strong>Derni\u00e8re date<\/strong><\/td><\/tr><tr><td>Ouette d&rsquo;\u00c9gypte<\/td><td>Alopochen aegyptiaca<\/td><td class=\"has-text-align-center\" data-align=\"center\">23 Dec 2024<\/td><\/tr><tr><td>Pigeon \u00e0 collier blanc<\/td><td>Columba albitorques<\/td><td class=\"has-text-align-center\" data-align=\"center\">12 Oct 2025<\/td><\/tr><tr><td>Tourterelle \u00e0 poitrine rose<\/td><td>Streptopelia lugens<\/td><td class=\"has-text-align-center\" data-align=\"center\">23 Jan 2016<\/td><\/tr><tr><td>Tourterelle \u00e0 collier<\/td><td>Streptopelia semitorquata<\/td><td class=\"has-text-align-center\" data-align=\"center\">15 Sep 2024<\/td><\/tr><tr><td>Touraco \u00e0 joues blanches<\/td><td>Menelikornis leucotis<\/td><td class=\"has-text-align-center\" data-align=\"center\">28 Sep 2024<\/td><\/tr><tr><td>Coucou de Klaas<\/td><td>Chrysococcyx klaas<\/td><td class=\"has-text-align-center\" data-align=\"center\">01 Jun 2025<\/td><\/tr><tr><td>Martinet du Nyanza<\/td><td>Apus niansae<\/td><td class=\"has-text-align-center\" data-align=\"center\">01 Sep 2024<\/td><\/tr><tr><td>R\u00e2le de Rouget<\/td><td>Rougetius rougetii<\/td><td class=\"has-text-align-center\" data-align=\"center\">07 Jun 2025<\/td><\/tr><tr><td>Grue cendr\u00e9e<\/td><td>Grus grus<\/td><td class=\"has-text-align-center\" data-align=\"center\">25 Oct 2025<\/td><\/tr><tr><td>Chevalier cul-blanc<\/td><td>Tringa ochropus<\/td><td class=\"has-text-align-center\" data-align=\"center\">11 Jan 2025<\/td><\/tr><tr><td>Marabout d&rsquo;Afrique<\/td><td>Leptoptilos crumenifer<\/td><td class=\"has-text-align-center\" data-align=\"center\">14 Dec 2024<\/td><\/tr><tr><td>Ibis sacr\u00e9<\/td><td>Threskiornis aethiopicus<\/td><td class=\"has-text-align-center\" data-align=\"center\">11 Jan 2025<\/td><\/tr><tr><td>Ibis hagedash<\/td><td>Bostrychia hagedash<\/td><td class=\"has-text-align-center\" data-align=\"center\">02 Sep 2024<\/td><\/tr><tr><td>Ibis caroncul\u00e9<\/td><td>Bostrychia carunculata<\/td><td class=\"has-text-align-center\" data-align=\"center\">23 Jan 2016<\/td><\/tr><tr><td>Gymnog\u00e8ne d&rsquo;Afrique<\/td><td>Polyboroides typus<\/td><td class=\"has-text-align-center\" data-align=\"center\">18 Mar 2025<\/td><\/tr><tr><td>Vautour charognard<\/td><td>Necrosyrtes monachus<\/td><td class=\"has-text-align-center\" data-align=\"center\">23 Jan 2016<\/td><\/tr><tr><td>Vautour africain<\/td><td>Gyps africanus<\/td><td class=\"has-text-align-center\" data-align=\"center\">07 Sep 2024<\/td><\/tr><tr><td>Vautour de R\u00fcppell<\/td><td>Gyps rueppelli<\/td><td class=\"has-text-align-center\" data-align=\"center\">05 Oct 2024<\/td><\/tr><tr><td>Aigle huppard<\/td><td>Lophaetus occipitalis<\/td><td class=\"has-text-align-center\" data-align=\"center\">15 Sep 2024<\/td><\/tr><tr><td>Aigle de Wahlberg<\/td><td>Hieraaetus wahlbergi<\/td><td class=\"has-text-align-center\" data-align=\"center\">15 Sep 2024<\/td><\/tr><tr><td>Aigle d&rsquo;Ayres<\/td><td>Hieraaetus ayresii<\/td><td class=\"has-text-align-center\" data-align=\"center\">05 Apr 2025<\/td><\/tr><tr><td>Aigle bott\u00e9<\/td><td>Hieraaetus pennatus<\/td><td class=\"has-text-align-center\" data-align=\"center\">14 Sep 2024<\/td><\/tr><tr><td>Aigle ravisseur<\/td><td>Aquila rapax<\/td><td class=\"has-text-align-center\" data-align=\"center\">22 Nov 2025<\/td><\/tr><tr><td>Autour tachiro<\/td><td>Aerospiza tachiro<\/td><td class=\"has-text-align-center\" data-align=\"center\">19 Oct 2024<\/td><\/tr><tr><td>\u00c9pervier minule<\/td><td>Tachyspiza minulla<\/td><td class=\"has-text-align-center\" data-align=\"center\">05 Mar 2025<\/td><\/tr><tr><td>Autour noir<\/td><td>Astur melanoleucus<\/td><td class=\"has-text-align-center\" data-align=\"center\">14 Sep 2024<\/td><\/tr><tr><td>Milan noir<\/td><td>Milvus migrans<\/td><td class=\"has-text-align-center\" data-align=\"center\">23 Jan 2016<\/td><\/tr><tr><td>Buse augure<\/td><td>Buteo augur<\/td><td class=\"has-text-align-center\" data-align=\"center\">11 Sep 2024<\/td><\/tr><tr><td>Buse variable<\/td><td>Buteo buteo<\/td><td class=\"has-text-align-center\" data-align=\"center\">19 Oct 2025<\/td><\/tr><tr><td>Coliou ray\u00e9<\/td><td>Colius striatus<\/td><td class=\"has-text-align-center\" data-align=\"center\">23 Jan 2016<\/td><\/tr><tr><td>Huppe fasci\u00e9e<\/td><td>Upupa epops<\/td><td class=\"has-text-align-center\" data-align=\"center\">09 Sep 2025<\/td><\/tr><tr><td>Gu\u00eapier de Lafresnaye<\/td><td>Merops lafresnayii<\/td><td class=\"has-text-align-center\" data-align=\"center\">07 Sep 2024<\/td><\/tr><tr><td>Gu\u00eapier d&rsquo;Europe<\/td><td>Merops apiaster<\/td><td class=\"has-text-align-center\" data-align=\"center\">06 Apr 2025<\/td><\/tr><tr><td>Martin-chasseur \u00e0 t\u00eate grise<\/td><td>Halcyon leucocephala<\/td><td class=\"has-text-align-center\" data-align=\"center\">02 Oct 2025<\/td><\/tr><tr><td>Martin-chasseur du S\u00e9n\u00e9gal<\/td><td>Halcyon senegalensis<\/td><td class=\"has-text-align-center\" data-align=\"center\">01 Jun 2025<\/td><\/tr><tr><td>Barbican barr\u00e9<\/td><td>Lybius undatus<\/td><td class=\"has-text-align-center\" data-align=\"center\">31 Aug 2024<\/td><\/tr><tr><td>Indicateur gris<\/td><td>Prodotiscus zambesiae<\/td><td class=\"has-text-align-center\" data-align=\"center\">25 Jan 2025<\/td><\/tr><tr><td>Torcol \u00e0 gorge rousse<\/td><td>Jynx ruficollis<\/td><td class=\"has-text-align-center\" data-align=\"center\">12 Dec 2024<\/td><\/tr><tr><td>Pic d&rsquo;Abyssinie<\/td><td>Dendropicos abyssinicus<\/td><td class=\"has-text-align-center\" data-align=\"center\">14 Sep 2024<\/td><\/tr><tr><td>Pic spodoc\u00e9phale<\/td><td>Dendropicos spodocephalus<\/td><td class=\"has-text-align-center\" data-align=\"center\">31 Aug 2024<\/td><\/tr><tr><td>Pic de Nubie<\/td><td>Campethera nubica<\/td><td class=\"has-text-align-center\" data-align=\"center\">12 Dec 2024<\/td><\/tr><tr><td>Ins\u00e9parable d&rsquo;Abyssinie<\/td><td>Agapornis taranta<\/td><td class=\"has-text-align-center\" data-align=\"center\">08 Sep 2024<\/td><\/tr><tr><td>Loriot d&rsquo;Europe<\/td><td>Oriolus oriolus<\/td><td class=\"has-text-align-center\" data-align=\"center\">05 Oct 2024<\/td><\/tr><tr><td>Loriot moine<\/td><td>Oriolus monacha<\/td><td class=\"has-text-align-center\" data-align=\"center\">21 Sep 2024<\/td><\/tr><tr><td>Cubla de Gambie<\/td><td>Dryoscopus gambensis<\/td><td class=\"has-text-align-center\" data-align=\"center\">07 Dec 2024<\/td><\/tr><tr><td>Gonolek d&rsquo;Abyssinie<\/td><td>Laniarius aethiopicus<\/td><td class=\"has-text-align-center\" data-align=\"center\">11 Jan 2025<\/td><\/tr><tr><td>Tchitrec d&rsquo;Afrique<\/td><td>Terpsiphone viridis<\/td><td class=\"has-text-align-center\" data-align=\"center\">08 Sep 2024<\/td><\/tr><tr><td>Pie-gri\u00e8che \u00e9corcheur<\/td><td>Lanius collurio<\/td><td class=\"has-text-align-center\" data-align=\"center\">03 Oct 2025<\/td><\/tr><tr><td>Pie-gri\u00e8che \u00e0 dos noir<\/td><td>Lanius humeralis<\/td><td class=\"has-text-align-center\" data-align=\"center\">08 Sep 2024<\/td><\/tr><tr><td>Corbeau pie<\/td><td>Corvus albus<\/td><td class=\"has-text-align-center\" data-align=\"center\">08 Sep 2024<\/td><\/tr><tr><td>Corbeau \u00e0 queue courte<\/td><td>Corvus rhipidurus<\/td><td class=\"has-text-align-center\" data-align=\"center\">29 Sep 2024<\/td><\/tr><tr><td>Corbeau corbivau<\/td><td>Corvus crassirostris<\/td><td class=\"has-text-align-center\" data-align=\"center\">19 Oct 2024<\/td><\/tr><tr><td>M\u00e9sange \u00e0 dos blanc<\/td><td>Melaniparus leuconotus<\/td><td class=\"has-text-align-center\" data-align=\"center\">01 Sep 2024<\/td><\/tr><tr><td>Prinia modeste<\/td><td>Prinia subflava<\/td><td class=\"has-text-align-center\" data-align=\"center\">31 Aug 2024<\/td><\/tr><tr><td>Cisticole d&rsquo;\u00c9thiopie<\/td><td>Cisticola lugubris<\/td><td class=\"has-text-align-center\" data-align=\"center\">07 Sep 2024<\/td><\/tr><tr><td>M\u00e9galure cannelle<\/td><td>Bradypterus cinnamomeus<\/td><td class=\"has-text-align-center\" data-align=\"center\">06 Sep 2024<\/td><\/tr><tr><td>Hirondelle de Fischer<\/td><td>Ptyonoprogne rufigula<\/td><td class=\"has-text-align-center\" data-align=\"center\">14 Jun 2025<\/td><\/tr><tr><td>Hirondelle de R\u00fcppell<\/td><td>Cecropis melanocrissus<\/td><td class=\"has-text-align-center\" data-align=\"center\">01 Jun 2025<\/td><\/tr><tr><td>Bulbul des jardins<\/td><td>Pycnonotus barbatus<\/td><td class=\"has-text-align-center\" data-align=\"center\">17 Nov 2024<\/td><\/tr><tr><td>Pouillot fitis<\/td><td>Phylloscopus trochilus<\/td><td class=\"has-text-align-center\" data-align=\"center\">04 Oct 2025<\/td><\/tr><tr><td>Pouillot v\u00e9loce<\/td><td>Phylloscopus collybita<\/td><td class=\"has-text-align-center\" data-align=\"center\">14 Dec 2024<\/td><\/tr><tr><td>Pouillot ombr\u00e9<\/td><td>Phylloscopus umbrovirens<\/td><td class=\"has-text-align-center\" data-align=\"center\">19 Oct 2024<\/td><\/tr><tr><td>Fauvette \u00e0 t\u00eate noire<\/td><td>Sylvia atricapilla<\/td><td class=\"has-text-align-center\" data-align=\"center\">25 Jan 2025<\/td><\/tr><tr><td>Fauvette de Galinier<\/td><td>Sylvia galinieri<\/td><td class=\"has-text-align-center\" data-align=\"center\">07 Sep 2024<\/td><\/tr><tr><td>Fauvette brune<\/td><td>Curruca lugens<\/td><td class=\"has-text-align-center\" data-align=\"center\">07 Nov 2024<\/td><\/tr><tr><td>Zost\u00e9rops alticole<\/td><td>Zosterops poliogastrus<\/td><td class=\"has-text-align-center\" data-align=\"center\">23 Jan 2016<\/td><\/tr><tr><td>Zost\u00e9rops du Kaffa<\/td><td>Zosterops kaffensis<\/td><td class=\"has-text-align-center\" data-align=\"center\">23 Feb 2025<\/td><\/tr><tr><td>Grive de Piaggia<\/td><td>Geokichla piaggiae<\/td><td class=\"has-text-align-center\" data-align=\"center\">31 Aug 2024<\/td><\/tr><tr><td>Merle abyssinien<\/td><td>Turdus abyssinicus<\/td><td class=\"has-text-align-center\" data-align=\"center\">23 Jan 2016<\/td><\/tr><tr><td>Gobemouche sombre<\/td><td>Muscicapa adusta<\/td><td class=\"has-text-align-center\" data-align=\"center\">27 Sep 2024<\/td><\/tr><tr><td>Gobemouche gris<\/td><td>Muscicapa striata<\/td><td class=\"has-text-align-center\" data-align=\"center\">19 Oct 2024<\/td><\/tr><tr><td>Gobemouche \u00e0 petit bec<\/td><td>Bradornis microrhynchus<\/td><td class=\"has-text-align-center\" data-align=\"center\">25 Jan 2025<\/td><\/tr><tr><td>Gobemouche chocolat<\/td><td>Melaenornis chocolatinus<\/td><td class=\"has-text-align-center\" data-align=\"center\">23 Jan 2016<\/td><\/tr><tr><td>Cossyphe de R\u00fcppell<\/td><td>Cossypha semirufa<\/td><td class=\"has-text-align-center\" data-align=\"center\">31 Aug 2024<\/td><\/tr><tr><td>Gobemouche \u00e0 demi-collier<\/td><td>Ficedula semitorquata<\/td><td class=\"has-text-align-center\" data-align=\"center\">31 Aug 2024<\/td><\/tr><tr><td>Rougequeue \u00e0 front blanc<\/td><td>Phoenicurus phoenicurus<\/td><td class=\"has-text-align-center\" data-align=\"center\">12 Oct 2025<\/td><\/tr><tr><td>Tarier des pr\u00e9s<\/td><td>Saxicola rubetra<\/td><td class=\"has-text-align-center\" data-align=\"center\">29 Mar 2025<\/td><\/tr><tr><td>Traquet afroalpin<\/td><td>Pinarochroa sordida<\/td><td class=\"has-text-align-center\" data-align=\"center\">11 Sep 2024<\/td><\/tr><tr><td>Souimanga tacazze<\/td><td>Nectarinia tacazze<\/td><td class=\"has-text-align-center\" data-align=\"center\">23 Jan 2016<\/td><\/tr><tr><td>Souimanga \u00e0 ventre jaune<\/td><td>Cinnyris venustus<\/td><td class=\"has-text-align-center\" data-align=\"center\">21 Sep 2024<\/td><\/tr><tr><td>Tisserin baglafecht<\/td><td>Ploceus baglafecht<\/td><td class=\"has-text-align-center\" data-align=\"center\">23 Jan 2016<\/td><\/tr><tr><td>Capucin nonnette<\/td><td>Spermestes cucullata<\/td><td class=\"has-text-align-center\" data-align=\"center\">31 Aug 2024<\/td><\/tr><tr><td>Astrild \u00e0 ventre jaune<\/td><td>Coccopygia quartinia<\/td><td class=\"has-text-align-center\" data-align=\"center\">31 Aug 2024<\/td><\/tr><tr><td>Cordonbleu \u00e0 joues rouges<\/td><td>Uraeginthus bengalus<\/td><td class=\"has-text-align-center\" data-align=\"center\">14 Sep 2024<\/td><\/tr><tr><td>Amarante du S\u00e9n\u00e9gal<\/td><td>Lagonosticta senegala<\/td><td class=\"has-text-align-center\" data-align=\"center\">23 Jan 2016<\/td><\/tr><tr><td>Veuve dominicaine<\/td><td>Vidua macroura<\/td><td class=\"has-text-align-center\" data-align=\"center\">07 Sep 2024<\/td><\/tr><tr><td>Combassou du S\u00e9n\u00e9gal<\/td><td>Vidua chalybeata<\/td><td class=\"has-text-align-center\" data-align=\"center\">23 Feb 2025<\/td><\/tr><tr><td>Moineau de Swainson<\/td><td>Passer swainsonii<\/td><td class=\"has-text-align-center\" data-align=\"center\">23 Jan 2016<\/td><\/tr><tr><td>Bergeronnette \u00e0 longue queue<\/td><td>Motacilla clara<\/td><td class=\"has-text-align-center\" data-align=\"center\">11 Jan 2025<\/td><\/tr><tr><td>Bergeronnette des ruisseaux<\/td><td>Motacilla cinerea<\/td><td class=\"has-text-align-center\" data-align=\"center\">07 Sep 2024<\/td><\/tr><tr><td>Pipit des arbres<\/td><td>Anthus trivialis<\/td><td class=\"has-text-align-center\" data-align=\"center\">05 Oct 2025<\/td><\/tr><tr><td>Serin d&rsquo;Abyssinie<\/td><td>Crithagra citrinelloides<\/td><td class=\"has-text-align-center\" data-align=\"center\">31 Aug 2024<\/td><\/tr><tr><td>Serin stri\u00e9<\/td><td>Crithagra striolata<\/td><td class=\"has-text-align-center\" data-align=\"center\">23 Jan 2016<\/td><\/tr><tr><td>Serin \u00e0 trois raies<\/td><td>Crithagra tristriata<\/td><td class=\"has-text-align-center\" data-align=\"center\">23 Jan 2016<\/td><\/tr><tr><td>Serin \u00e0 calotte jaune<\/td><td>Serinus flavivertex<\/td><td class=\"has-text-align-center\" data-align=\"center\">04 Sep 2024<\/td><\/tr><tr><td>apodid\u00e9 sp.<\/td><td>Apodidae sp.<\/td><td class=\"has-text-align-center\" data-align=\"center\">31 Aug 2024<\/td><\/tr><tr><td>vautour sp.<\/td><td>Accipitridae sp. (old world vulture sp.)<\/td><td class=\"has-text-align-center\" data-align=\"center\">23 Jan 2016<\/td><\/tr><tr><td>Aerospiza, Tachyspiza, Accipiter ou Astur sp.<\/td><td>Aerospiza\/Tachyspiza\/Accipiter\/Astur sp.<\/td><td class=\"has-text-align-center\" data-align=\"center\">25 Oct 2025<\/td><\/tr><tr><td>Buteo sp.<\/td><td>Buteo sp.<\/td><td class=\"has-text-align-center\" data-align=\"center\">22 Sep 2024<\/td><\/tr><tr><td>aigle ou pygargue sp.<\/td><td>Accipitridae sp. (eagle sp.)<\/td><td class=\"has-text-align-center\" data-align=\"center\">14 Sep 2024<\/td><\/tr><tr><td>Falco sp.<\/td><td>Falco sp.<\/td><td class=\"has-text-align-center\" data-align=\"center\">22 Sep 2024<\/td><\/tr><tr><td>Hirondelle de rochers ou H. de Fischer<\/td><td>Ptyonoprogne obsoleta\/rufigula<\/td><td class=\"has-text-align-center\" data-align=\"center\">08 Sep 2024<\/td><\/tr><tr><td>Hirondelle rousseline ou H. de R\u00fcppell<\/td><td>Cecropis rufula\/melanocrissus<\/td><td class=\"has-text-align-center\" data-align=\"center\">08 Sep 2024<\/td><\/tr><tr><td>Pouillot fitis ou P. v\u00e9loce<\/td><td>Phylloscopus trochilus\/collybita<\/td><td class=\"has-text-align-center\" data-align=\"center\">17 Nov 2024<\/td><\/tr><\/tbody><\/table><\/figure>\n","protected":false},"excerpt":{"rendered":"<p>Voici la liste des oiseaux vus dans le parc. Nom commun Nom scientifique Derni\u00e8re date Ouette d&rsquo;\u00c9gypte Alopochen aegyptiaca 23 Dec 2024 Pigeon \u00e0 collier blanc Columba albitorques 12 Oct 2025 Tourterelle \u00e0 poitrine rose Streptopelia lugens 23 Jan 2016 Tourterelle \u00e0 collier Streptopelia semitorquata 15 Sep 2024 Touraco \u00e0 joues blanches Menelikornis leucotis 28 [&hellip;]<\/p>\n","protected":false},"author":1,"featured_media":0,"parent":37,"menu_order":0,"comment_status":"closed","ping_status":"closed","template":"","meta":{"ngg_post_thumbnail":0,"footnotes":""},"class_list":["post-81","page","type-page","status-publish","hentry"],"_links":{"self":[{"href":"https:\/\/www.amis-du-parc.org\/index.php\/wp-json\/wp\/v2\/pages\/81","targetHints":{"allow":["GET"]}}],"collection":[{"href":"https:\/\/www.amis-du-parc.org\/index.php\/wp-json\/wp\/v2\/pages"}],"about":[{"href":"https:\/\/www.amis-du-parc.org\/index.php\/wp-json\/wp\/v2\/types\/page"}],"author":[{"embeddable":true,"href":"https:\/\/www.amis-du-parc.org\/index.php\/wp-json\/wp\/v2\/users\/1"}],"replies":[{"embeddable":true,"href":"https:\/\/www.amis-du-parc.org\/index.php\/wp-json\/wp\/v2\/comments?post=81"}],"version-history":[{"count":2,"href":"https:\/\/www.amis-du-parc.org\/index.php\/wp-json\/wp\/v2\/pages\/81\/revisions"}],"predecessor-version":[{"id":85,"href":"https:\/\/www.amis-du-parc.org\/index.php\/wp-json\/wp\/v2\/pages\/81\/revisions\/85"}],"up":[{"embeddable":true,"href":"https:\/\/www.amis-du-parc.org\/index.php\/wp-json\/wp\/v2\/pages\/37"}],"wp:attachment":[{"href":"https:\/\/www.amis-du-parc.org\/index.php\/wp-json\/wp\/v2\/media?parent=81"}],"curies":[{"name":"wp","href":"https:\/\/api.w.org\/{rel}","templated":true}]}}